{"id":31232,"date":"2021-04-12T15:11:03","date_gmt":"2021-04-12T19:11:03","guid":{"rendered":"https:\/\/labovicklaw.wpenginepowered.com\/condiciones-de-uso\/"},"modified":"2023-05-31T09:23:01","modified_gmt":"2023-05-31T13:23:01","slug":"condiciones-de-uso","status":"publish","type":"page","link":"https:\/\/www.labovick.com\/es\/condiciones-de-uso\/","title":{"rendered":"Condiciones de uso"},"content":{"rendered":"<p>La informaci\u00f3n facilitada en estas p\u00e1ginas no constituye asesoramiento jur\u00eddico y no debe considerarse como tal. El contenido de estas p\u00e1ginas es meramente informativo y pretende ser un punto de partida en la b\u00fasqueda de respuestas a sus preguntas jur\u00eddicas.<\/p>\n<p>No podemos garantizar que toda la informaci\u00f3n contenida en este sitio web est\u00e9 actualizada en todo momento. La ley cambia y evoluciona constantemente. No podemos ser, ni seremos, responsables del uso que usted haga de la informaci\u00f3n contenida en este sitio web, ni de los da\u00f1os que pueda sufrir por confiar en ella. No debe basarse \u00fanicamente en la informaci\u00f3n facilitada sin solicitar el asesoramiento de un abogado.<\/p>\n<p>La informaci\u00f3n contenida en este sitio web es de car\u00e1cter general y no puede sustituir a una revisi\u00f3n exhaustiva de su situaci\u00f3n jur\u00eddica particular por parte de un abogado competente que haya tenido la oportunidad de examinar todos los hechos. Sin esa revisi\u00f3n, no estar\u00eda recibiendo ayuda jur\u00eddica competente.<\/p>\n<p>Por lo tanto, le recomendamos que se ponga en contacto con un abogado con experiencia en su zona para que le gu\u00ede en su asunto legal.<\/p>\n<p>La comunicaci\u00f3n entre nosotros, sin un acuerdo claro por nuestra parte para representarle, no constituye una relaci\u00f3n abogado-cliente. Para hablar de representaci\u00f3n, debemos hablar personalmente con usted. S\u00f3lo un acuerdo escrito entre usted y nosotros que hayamos firmado puede dar lugar a que le representemos y\/o protejamos sus intereses. Del mismo modo, la transmisi\u00f3n de informaci\u00f3n desde este sitio no pretende crear, y su recepci\u00f3n no constituye, una relaci\u00f3n abogado-cliente. Nada de lo contenido en este sitio web debe interpretarse como la creaci\u00f3n de una relaci\u00f3n abogado-cliente.<\/p>\n<p>Podemos ofrecer a cualquier persona una consulta inicial sin compromiso. Esto no nos obliga en modo alguno a representarle ni a responder a preguntas concretas. Nos reservamos el derecho a denegar una consulta a cualquier persona, por cualquier motivo.<\/p>\n<p>Esta cl\u00e1usula de exenci\u00f3n de responsabilidad se aplica a todas las p\u00e1ginas y contenidos de este dominio.<\/p>\n<p>Esperamos que nuestro sitio web le resulte \u00fatil e informativo y le animamos a que nos llame para una consulta personal gratuita.<\/p>\n","protected":false},"excerpt":{"rendered":"<p>La informaci\u00f3n facilitada en estas p\u00e1ginas no constituye asesoramiento jur\u00eddico y no debe considerarse como tal. El contenido de estas p\u00e1ginas es meramente informativo y pretende ser un punto de partida en la b\u00fasqueda de respuestas a sus preguntas jur\u00eddicas. No podemos garantizar que toda la informaci\u00f3n contenida en este sitio web est\u00e9 actualizada en [&hellip;]<\/p>\n","protected":false},"author":25,"featured_media":0,"parent":0,"menu_order":0,"comment_status":"closed","ping_status":"closed","template":"","meta":{"_acf_changed":false,"footnotes":""},"categories":[],"tags":[],"class_list":["post-31232","page","type-page","status-publish","hentry"],"acf":[],"_links":{"self":[{"href":"https:\/\/www.labovick.com\/es\/wp-json\/wp\/v2\/pages\/31232","targetHints":{"allow":["GET"]}}],"collection":[{"href":"https:\/\/www.labovick.com\/es\/wp-json\/wp\/v2\/pages"}],"about":[{"href":"https:\/\/www.labovick.com\/es\/wp-json\/wp\/v2\/types\/page"}],"author":[{"embeddable":true,"href":"https:\/\/www.labovick.com\/es\/wp-json\/wp\/v2\/users\/25"}],"replies":[{"embeddable":true,"href":"https:\/\/www.labovick.com\/es\/wp-json\/wp\/v2\/comments?post=31232"}],"version-history":[{"count":0,"href":"https:\/\/www.labovick.com\/es\/wp-json\/wp\/v2\/pages\/31232\/revisions"}],"wp:attachment":[{"href":"https:\/\/www.labovick.com\/es\/wp-json\/wp\/v2\/media?parent=31232"}],"wp:term":[{"taxonomy":"category","embeddable":true,"href":"https:\/\/www.labovick.com\/es\/wp-json\/wp\/v2\/categories?post=31232"},{"taxonomy":"post_tag","embeddable":true,"href":"https:\/\/www.labovick.com\/es\/wp-json\/wp\/v2\/tags?post=31232"}],"curies":[{"name":"wp","href":"https:\/\/api.w.org\/{rel}","templated":true}]}}