{"id":30900,"date":"2021-10-26T16:56:01","date_gmt":"2021-10-26T20:56:01","guid":{"rendered":"https:\/\/labovicklaw.wpenginepowered.com\/abogado-accidente-construccion\/"},"modified":"2023-08-31T15:59:15","modified_gmt":"2023-08-31T19:59:15","slug":"abogado-accidente-construccion","status":"publish","type":"page","link":"https:\/\/www.labovick.com\/es\/boca-raton\/abogado-accidente-construccion\/","title":{"rendered":"Abogado de accidentes de la construcci\u00f3n"},"content":{"rendered":"<p>Trabajar en una obra de construcci\u00f3n es siempre peligroso, e incluso los obreros m\u00e1s experimentados han sufrido lesiones devastadoras. Si se ha lesionado en un accidente laboral, puede tener derecho a una <a href=\"https:\/\/www.labovick.com\/es\/west-palm-beach\/abogado-laboralista\/\">indemnizaci\u00f3n por accidente de trabajo<\/a>.<\/p>\n<p>Sin embargo, estas prestaciones no siempre bastan para cubrir todos los gastos. Cuando esto ocurre, debe averiguar si tiene derecho a presentar una demanda civil por accidente en una obra de construcci\u00f3n contra la parte responsable. Averig\u00fce cu\u00e1les son sus opciones legales cuando se comunique con un abogado con experiencia en accidentes en obras de construcci\u00f3n de Greenacres en LaBovick Law Group.<\/p>\n<h2>\u00bfPor qu\u00e9 elegir LaBovick Law Group?<\/h2>\n<p>Cuando usted est\u00e1 seleccionando el abogado del accidente del sitio de construcci\u00f3n para ayudar con su accidente, usted necesita un abogado de confianza y con experiencia. LaBovick Law Group ofrece:<\/p>\n<ul>\n<li>Rese\u00f1as mejor valoradas en Google<\/li>\n<li>M\u00e1s de 30 a\u00f1os de experiencia como abogado litigante<\/li>\n<li>M\u00e1s de 30 millones de d\u00f3lares en indemnizaciones por lesiones y resultados de casos<\/li>\n<li>Protecci\u00f3n frente a los acosadores: nuestros Guerreros de la Justicia est\u00e1n aqu\u00ed para luchar por ti.<\/li>\n<\/ul>\n<h2>Maneras LaBovick Law Group puede ayudar con su caso de accidente de sitio de construcci\u00f3n<\/h2>\n<p>Los casos de accidentes en obras de construcci\u00f3n pueden implicar a distintas partes. Cuando usted elige LaBovick Law Group para que le represente, puede esperar de nosotros:<\/p>\n<ul>\n<li>Investigar el accidente en la obra<\/li>\n<li>Establecer el fallo<\/li>\n<li>Contrate a expertos para analizar su caso<\/li>\n<li>Calcule el valor de su reclamaci\u00f3n por accidente en la obra<\/li>\n<li>Gestionar el proceso de negociaci\u00f3n del seguro de accidentes en la construcci\u00f3n<\/li>\n<li>Protegerle para que no se aprovechen de usted<\/li>\n<li>Representar su caso de accidente en la obra en juicio, si es necesario<\/li>\n<\/ul>\n<h2>Qui\u00e9n es responsable de las lesiones de accidentes de construcci\u00f3n en Greenacres<\/h2>\n<p>Casi inmediatamente despu\u00e9s de haber contratado a un abogado para manejar su caso de accidente de obra, tendremos que empezar a trabajar en el establecimiento de la culpa. Averiguar qui\u00e9n es el responsable de sus lesiones es fundamental para el \u00e9xito de su caso.<\/p>\n<p>Hay muchas partes diferentes que podr\u00edan compartir la culpa de las lesiones que usted sufri\u00f3. Su abogado tendr\u00e1 que revisar cuidadosamente los detalles de su caso para reunir las pruebas necesarias para demostrar la culpa. La parte responsable en su caso variar\u00e1 en funci\u00f3n del tipo de accidente que haya sufrido. Algunas de las diferentes partes que se encuentran com\u00fanmente a compartir la culpa de Greenacres <a href=\"https:\/\/www.bls.gov\/regions\/southeast\/news-release\/fatalworkinjuries_florida.htm\" target=\"_blank\" rel=\"noopener\">lesiones accidente de obra<\/a> incluyen:<\/p>\n<ul>\n<li>Colegas<\/li>\n<li>Supervisores<\/li>\n<li>Contratistas<\/li>\n<li>Subcontratistas<\/li>\n<li>Fabricantes de equipos<\/li>\n<li>Dise\u00f1adores y distribuidores de piezas<\/li>\n<li>Otros terceros<\/li>\n<\/ul>\n<p>Estas son s\u00f3lo algunas de las diferentes partes que pueden ser consideradas responsables de sus lesiones. Una vez que hayamos determinado qui\u00e9n es el culpable de sus lesiones, podemos seguir adelante con sus reclamaciones civiles y de seguros.<\/p>\n<p>Aqu\u00ed, usted puede buscar compensaci\u00f3n por las muchas maneras diferentes en que su vida se ha visto afectada por sus lesiones. Si gana, se condenar\u00e1 a la parte responsable a indemnizarle por todas estas p\u00e9rdidas. Averig\u00fce cu\u00e1nto podr\u00eda valer su reclamaci\u00f3n por accidente en obras de construcci\u00f3n en Greenacres cuando se ponga en contacto con nuestra oficina para una revisi\u00f3n gratuita de su caso.<\/p>\n<h2>Llame a un abogado de accidentes de construcci\u00f3n Greenacres en busca de ayuda<\/h2>\n<p>Las lesiones sufridas tras un accidente en una obra de construcci\u00f3n pueden cambiarle la vida. Cuando toda su vida se ha visto trastornada por las lesiones sufridas en un accidente en una obra de construcci\u00f3n, exija responsabilidades a la parte culpable por su negligencia.<\/p>\n<p>Obtenga ayuda para obtener la compensaci\u00f3n que se merece cuando llame a un abogado con experiencia en accidentes en obras de construcci\u00f3n de Greenacres en <a href=\"https:\/\/www.labovick.com\/es\/\">LaBovick Law Group<\/a>. Rellene nuestro formulario de contacto en l\u00ednea o llame a nuestra oficina al (561) 623-3681 para empezar.<\/p>\n","protected":false},"excerpt":{"rendered":"<p>Trabajar en una obra de construcci\u00f3n es siempre peligroso, e incluso los obreros m\u00e1s experimentados han sufrido lesiones devastadoras. Si se ha lesionado en un accidente laboral, puede tener derecho a una indemnizaci\u00f3n por accidente de trabajo. Sin embargo, estas prestaciones no siempre bastan para cubrir todos los gastos. Cuando esto ocurre, debe averiguar si [&hellip;]<\/p>\n","protected":false},"author":25,"featured_media":30540,"parent":30913,"menu_order":0,"comment_status":"closed","ping_status":"closed","template":"","meta":{"_acf_changed":false,"footnotes":""},"categories":[],"tags":[2174,2210],"class_list":["post-30900","page","type-page","status-publish","has-post-thumbnail","hentry","tag-boca-raton-es","tag-es-boca-raton"],"acf":[],"_links":{"self":[{"href":"https:\/\/www.labovick.com\/es\/wp-json\/wp\/v2\/pages\/30900","targetHints":{"allow":["GET"]}}],"collection":[{"href":"https:\/\/www.labovick.com\/es\/wp-json\/wp\/v2\/pages"}],"about":[{"href":"https:\/\/www.labovick.com\/es\/wp-json\/wp\/v2\/types\/page"}],"author":[{"embeddable":true,"href":"https:\/\/www.labovick.com\/es\/wp-json\/wp\/v2\/users\/25"}],"replies":[{"embeddable":true,"href":"https:\/\/www.labovick.com\/es\/wp-json\/wp\/v2\/comments?post=30900"}],"version-history":[{"count":0,"href":"https:\/\/www.labovick.com\/es\/wp-json\/wp\/v2\/pages\/30900\/revisions"}],"up":[{"embeddable":true,"href":"https:\/\/www.labovick.com\/es\/wp-json\/wp\/v2\/pages\/30913"}],"wp:featuredmedia":[{"embeddable":true,"href":"https:\/\/www.labovick.com\/es\/wp-json\/wp\/v2\/media\/30540"}],"wp:attachment":[{"href":"https:\/\/www.labovick.com\/es\/wp-json\/wp\/v2\/media?parent=30900"}],"wp:term":[{"taxonomy":"category","embeddable":true,"href":"https:\/\/www.labovick.com\/es\/wp-json\/wp\/v2\/categories?post=30900"},{"taxonomy":"post_tag","embeddable":true,"href":"https:\/\/www.labovick.com\/es\/wp-json\/wp\/v2\/tags?post=30900"}],"curies":[{"name":"wp","href":"https:\/\/api.w.org\/{rel}","templated":true}]}}